{"id":2534,"date":"2017-08-12T15:41:10","date_gmt":"2017-08-12T15:41:10","guid":{"rendered":"http:\/\/import.getbowtied.com\/shopkeeper-replica\/?page_id=2534"},"modified":"2024-06-11T11:55:04","modified_gmt":"2024-06-11T09:55:04","slug":"location-villa","status":"publish","type":"page","link":"https:\/\/brisedespins.com\/","title":{"rendered":"Accueil"},"content":{"rendered":"<p>[vc_row full_width=\u00a0\u00bbstretch_row_content_no_spaces\u00a0\u00bb full_height=\u00a0\u00bbyes\u00a0\u00bb font_color=\u00a0\u00bb#000000&Prime; css=\u00a0\u00bb.vc_custom_1685528108921{margin-bottom: 50px !important;background: #303030 url(https:\/\/brisedespins.com\/wp-content\/uploads\/2019\/05\/20.jpg?id=2964) !important;background-position: center !important;background-repeat: no-repeat !important;background-size: cover !important;}\u00a0\u00bb][vc_column][vc_column_text css=\u00a0\u00bb.vc_custom_1575902227711{margin-top: 60px !important;padding-top: 40px !important;padding-right: 6% !important;padding-left: 6% !important;}\u00a0\u00bb]<\/p>\n<h2 style=\"text-align: left;\"><span style=\"font-size: 135%; letter-spacing: -3px; line-height: 1.3; color: #ffffff;\">Villa d&rsquo;exception au Cap d&rsquo;Antibes<\/span><\/h2>\n<p>[\/vc_column_text][\/vc_column][\/vc_row][vc_row type=\u00a0\u00bbboxed\u00a0\u00bb css=\u00a0\u00bb.vc_custom_1685523238533{margin-right: 5px !important;margin-left: 5px !important;}\u00a0\u00bb][vc_column][vc_custom_heading text=\u00a0\u00bbLe r\u00eave au Cap d&rsquo;Antibes !\u00a0\u00bb font_container=\u00a0\u00bbtag:h2|font_size:32|text_align:left|color:%23009b81&Prime; use_theme_fonts=\u00a0\u00bbyes\u00a0\u00bb css=\u00a0\u00bb.vc_custom_1578767471466{margin-bottom: 25px !important;}\u00a0\u00bb][vc_column_text]<\/p>\n<p style=\"text-align: justify;\">R\u00e9servez un week-end ou des vacances de luxe dans une maison d&rsquo;exception, de 3 \u00e9tages, dans le plus bel emplacement du Cap d&rsquo;Antibes, versant Est.<\/p>\n<p style=\"text-align: justify;\">Le rez-de-chauss\u00e9e et le deuxi\u00e8me \u00e9tage sont \u00e0 la location. Le premier \u00e9tage est r\u00e9serv\u00e9 \u00e0 la conciergerie et son personnel pour vous organiser des petits d\u00e9jeuners, des cocktails, des repas sur demande.<\/p>\n<p>[\/vc_column_text][vc_custom_heading text=\u00a0\u00bbVoici nos 3 offres :\u00a0\u00bb font_container=\u00a0\u00bbtag:h2|font_size:24|text_align:left|color:%23009b81&Prime; use_theme_fonts=\u00a0\u00bbyes\u00a0\u00bb css=\u00a0\u00bb.vc_custom_1686041368100{margin-bottom: 25px !important;}\u00a0\u00bb][\/vc_column][\/vc_row][vc_row type=\u00a0\u00bbboxed\u00a0\u00bb css=\u00a0\u00bb.vc_custom_1580221688374{margin-right: 5px !important;margin-left: 5px !important;}\u00a0\u00bb][vc_column width=\u00a0\u00bb1\/2&Prime;][vc_tta_accordion style=\u00a0\u00bboutline\u00a0\u00bb color=\u00a0\u00bbblack\u00a0\u00bb spacing=\u00a0\u00bb5&Prime; gap=\u00a0\u00bb5&Prime; c_icon=\u00a0\u00bbchevron\u00a0\u00bb active_section=\u00a0\u00bb1&Prime; no_fill=\u00a0\u00bbtrue\u00a0\u00bb][vc_tta_section title=\u00a0\u00bbOFFRE 1 &#8211; La villa\u00a0\u00bb tab_id=\u00a0\u00bb1579536482071-0d417140-bfe7&Prime;][vc_column_text]<\/p>\n<p style=\"text-align: justify;\">La villa avec <b>5 somptueuses suites dans une superbe villa proven\u00e7ale \u00e0 50m de la mer, <\/b>pour 4 couples + 4 enfants avec leur nurse + \u00e9ventuellement 2 personnes.<br \/>\n(les 2 suites de l\u2019\u00e9tage sont \u00e9quip\u00e9es 1 lit queen-size et 1 lit single)<\/p>\n<p>2 salles de bains et 3 salles d\u2019eau avec douche \u00e0 l\u2019italienne, 5 WC.<\/p>\n<p>1 salle de r\u00e9ception devant la piscine avec cuisine \u00e9quip\u00e9e, 1 WC.<\/p>\n<p>Piscine chauff\u00e9e toute l\u2019ann\u00e9e, hammam, terrain de p\u00e9tanque, ping-pong, parking.<\/p>\n<p style=\"text-align: justify;\"><strong>Cette offre cumule l\u2019offre 2 et 3 d\u00e9taill\u00e9e ci-dessous.<\/strong><\/p>\n<p>[\/vc_column_text][\/vc_tta_section][vc_tta_section title=\u00a0\u00bbOFFRE 2 &#8211; 3 Superbes suites\u00a0\u00bb tab_id=\u00a0\u00bb1579536482255-eb337a49-ca58&Prime;][vc_column_text]<\/p>\n<p style=\"text-align: justify;\"><strong>3 Superbes suites<\/strong> en rez de jardin dominant la mer face \u00e0 la piscine pour 2 couples + 4 enfants et 1 nurse.<\/p>\n<p>1 salle de bains et 2 salles d\u2019eau avec douche \u00e0 l\u2019italienne, 3 WC.<\/p>\n<p>1 salle de r\u00e9ception devant la piscine avec cuisine \u00e9quip\u00e9e, 1 WC.<\/p>\n<p>Piscine chauff\u00e9e toute l\u2019ann\u00e9e, hammam, terrain de p\u00e9tanque, table de ping-pong, parking.[\/vc_column_text][\/vc_tta_section][vc_tta_section title=\u00a0\u00bbOFFRE 3 &#8211; Superbe appartement\u00a0\u00bb tab_id=\u00a0\u00bb1579536482780-81306c9b-1fdb\u00a0\u00bb][vc_column_text]<\/p>\n<p style=\"text-align: justify;\"><strong>Superbe appartement<\/strong> \u00e0 l&rsquo;\u00e9tage avec un escalier privatif pour un acc\u00e8s ind\u00e9pendant, pour 2 couples et 2 enfants.<br \/>\nSalon\u00a0 avec cuisine \u00e9quip\u00e9e 2 grandes chambres chacune \u00e9quip\u00e9e 1 lit queen-size et 1 lit single .<\/p>\n<p>1 salle de bains et 1 salle d\u2019eau avec douche \u00e0 l\u2019italienne et 2 vasques, 2 WC.<\/p>\n<p>Deux terrasses avec vue panoramique sur la mer, la montagne et le vieil Antibes<\/p>\n<p>Piscine chauff\u00e9e toute l\u2019ann\u00e9e, terrain de p\u00e9tanque, table de ping-pong, parking.[\/vc_column_text][\/vc_tta_section][\/vc_tta_accordion][\/vc_column][vc_column width=\u00a0\u00bb1\/2&Prime;][vc_row_inner css=\u00a0\u00bb.vc_custom_1580221821736{margin-right: 5px !important;margin-left: 5px !important;}\u00a0\u00bb][vc_column_inner][vc_column_text]<strong>PRESTATIONS COMMUNES A TOUTES LES CHAMBRES<\/strong><\/p>\n<p>Tous les locataires ont acc\u00e8s :<\/p>\n<p>&#8211; A la piscine chauff\u00e9e toute l\u2019ann\u00e9e \u00e9quip\u00e9e d\u2019une nage \u00e0 contre-courant et de cinq buses de massage.<br \/>\n&#8211; Au Jardin avec bains de soleil face \u00e0 la mer et \u00e0 la piscine.<br \/>\n&#8211; Au hammam sonoris\u00e9 avec douche et toilettes.<br \/>\n&#8211; Au terrain de p\u00e9tanque.<br \/>\n&#8211; A la table de ping-pong.<br \/>\n&#8211; Au grand barbecue Weber dans le jardin.<br \/>\n&#8211; Au parking priv\u00e9.[\/vc_column_text][\/vc_column_inner][\/vc_row_inner][vc_masonry_media_grid element_width=\u00a0\u00bb6&Prime; gap=\u00a0\u00bb0&Prime; item=\u00a0\u00bbmasonryMedia_SlideWithTitleAndCaption\u00a0\u00bb grid_id=\u00a0\u00bbvc_gid:1718099692862-070e37d0-940d-1&Prime; include=\u00a0\u00bb20247,3397,3222,3872&Prime;][\/vc_column][\/vc_row][vc_row type=\u00a0\u00bbboxed\u00a0\u00bb css=\u00a0\u00bb.vc_custom_1580221652802{margin-right: 5px !important;margin-left: 5px !important;}\u00a0\u00bb][vc_column][vc_separator color=\u00a0\u00bbblack\u00a0\u00bb css=\u00a0\u00bb.vc_custom_1580381984590{padding-top: 10px !important;padding-bottom: 10px !important;}\u00a0\u00bb][\/vc_column][\/vc_row][vc_row equal_height=\u00a0\u00bbyes\u00a0\u00bb type=\u00a0\u00bbboxed\u00a0\u00bb css=\u00a0\u00bb.vc_custom_1580221713234{margin-right: 5px !important;margin-left: 5px !important;}\u00a0\u00bb][vc_column css=\u00a0\u00bb.vc_custom_1579614915142{margin-bottom: 25px !important;border-top-width: 1px !important;border-right-width: 1px !important;border-bottom-width: 1px !important;border-left-width: 1px !important;border-left-color: #000000 !important;border-left-style: dashed !important;border-right-color: #000000 !important;border-right-style: dashed !important;border-top-color: #000000 !important;border-top-style: dashed !important;border-bottom-color: #000000 !important;border-bottom-style: dashed !important;border-radius: 10px !important;}\u00a0\u00bb][vc_row_inner][vc_column_inner width=\u00a0\u00bb1\/2&Prime;][vc_column_text el_id=\u00a0\u00bboffre1&Prime;]<\/p>\n<p style=\"text-align: justify;\"><strong>OFFRE 1 &#8211; La villa<\/strong><\/p>\n<p style=\"text-align: justify;\">La villa offre 5 suites \u00e0 louer pour 4 couples + 4 enfants avec leur nurse + 2 voyageurs suppl\u00e9mentaires dans les suites de l\u2019\u00e9tage.<\/p>\n<p>2 salles de bains et 3 salles d\u2019eau avec douche \u00e0 l\u2019italienne, 5 WC.<\/p>\n<p style=\"text-align: justify;\">Climatisation r\u00e9versible et chauffage au sol.<\/p>\n<p style=\"text-align: justify;\">La salle de r\u00e9ception avec cuisine \u00e9quip\u00e9e face \u00e0 la piscine est d\u00e9di\u00e9e aux petits d\u00e9jeuners, repas, cocktails\u00a0 (sur demande), 1 WC.<\/p>\n<p><strong>Cette offre cumule l\u2019offre 2 et 3 d\u00e9taill\u00e9e ci-dessous.<\/strong>[\/vc_column_text][\/vc_column_inner][vc_column_inner width=\u00a0\u00bb1\/2&Prime;][vc_masonry_media_grid element_width=\u00a0\u00bb6&Prime; gap=\u00a0\u00bb0&Prime; item=\u00a0\u00bbmasonryMedia_SlideWithTitleAndCaption\u00a0\u00bb grid_id=\u00a0\u00bbvc_gid:1718099692864-4ef01859-97d7-9&Prime; include=\u00a0\u00bb2941,3867,3464,3222&Prime;][\/vc_column_inner][\/vc_row_inner][\/vc_column][\/vc_row][vc_row equal_height=\u00a0\u00bbyes\u00a0\u00bb type=\u00a0\u00bbboxed\u00a0\u00bb css=\u00a0\u00bb.vc_custom_1580221728287{margin-right: 5px !important;margin-left: 5px !important;}\u00a0\u00bb][vc_column css=\u00a0\u00bb.vc_custom_1579614906166{margin-bottom: 25px !important;border-top-width: 1px !important;border-right-width: 1px !important;border-bottom-width: 1px !important;border-left-width: 1px !important;border-left-color: #000000 !important;border-left-style: dashed !important;border-right-color: #000000 !important;border-right-style: dashed !important;border-top-color: #000000 !important;border-top-style: dashed !important;border-bottom-color: #000000 !important;border-bottom-style: dashed !important;border-radius: 10px !important;}\u00a0\u00bb][vc_row_inner][vc_column_inner width=\u00a0\u00bb1\/2&Prime;][vc_column_text]<\/p>\n<p style=\"text-align: justify;\"><strong>OFFRE 2 &#8211; 3 Superbes suites<\/strong><\/p>\n<p style=\"text-align: justify;\">3 Superbes suites rez-de-jardin dominant la mer, 3 suites luxueuses pour 2 couples avec 4 enfants et une nurse.<\/p>\n<p style=\"text-align: justify;\">1 salle de bains et 2 salles d\u2019eau avec douche \u00e0 l\u2019italienne, 3 WC.<\/p>\n<p>Espace salon et bureau, wifi, frigo pour les rafra\u00eechissements, t\u00e9l\u00e9vision satellite, coffres-forts, bouilloire et machine \u00e0 caf\u00e9 avec capsules.<\/p>\n<p style=\"text-align: justify;\">Climatisation r\u00e9versible et chauffage au sol.<\/p>\n<p style=\"text-align: justify;\">La salle de r\u00e9ception avec cuisine \u00e9quip\u00e9e face \u00e0 la piscine est d\u00e9di\u00e9e aux petits d\u00e9jeuners, repas, cocktails (sur demande), 1 WC.<\/p>\n<p style=\"text-align: justify;\">Les suites peuvent communiquer ou non les unes avec les autres et disposent toutes d\u2019un acc\u00e8s ind\u00e9pendant.<\/p>\n<p>[\/vc_column_text][\/vc_column_inner][vc_column_inner width=\u00a0\u00bb1\/2&Prime;][vc_masonry_media_grid element_width=\u00a0\u00bb6&Prime; gap=\u00a0\u00bb0&Prime; item=\u00a0\u00bbmasonryMedia_SlideWithTitleAndCaption\u00a0\u00bb grid_id=\u00a0\u00bbvc_gid:1718099692865-7624c0c3-4fe1-6&Prime; include=\u00a0\u00bb3384,3265,3399,3267,3264,3389,4235&Prime;][\/vc_column_inner][\/vc_row_inner][\/vc_column][\/vc_row][vc_row equal_height=\u00a0\u00bbyes\u00a0\u00bb type=\u00a0\u00bbboxed\u00a0\u00bb css=\u00a0\u00bb.vc_custom_1580221763572{margin-right: 5px !important;margin-left: 5px !important;}\u00a0\u00bb][vc_column css=\u00a0\u00bb.vc_custom_1579614870688{margin-bottom: 25px !important;border-top-width: 1px !important;border-right-width: 1px !important;border-bottom-width: 1px !important;border-left-width: 1px !important;border-left-color: #000000 !important;border-left-style: dashed !important;border-right-color: #000000 !important;border-right-style: dashed !important;border-top-color: #000000 !important;border-top-style: dashed !important;border-bottom-color: #000000 !important;border-bottom-style: dashed !important;border-radius: 10px !important;}\u00a0\u00bb][vc_row_inner][vc_column_inner width=\u00a0\u00bb1\/2&Prime;][vc_column_text]<\/p>\n<p style=\"text-align: justify;\"><strong>OFFRE 3 &#8211; Superbe appartement<\/strong><\/p>\n<p style=\"text-align: justify;\">Superbe appartement \u00e0 l&rsquo;\u00e9tage pour 2 couples et 2 personnes (chaque chambre a 1 lit queen-size + 1 lit single), 2 terrasses avec vues panoramiques sur la mer, les montagnes et le vieil Antibes.<\/p>\n<p style=\"text-align: justify;\">L\u2019appartement est accessible par un escalier ind\u00e9pendant, un monte charge pour les bagages et \u00e9ventuellement une personne handicap\u00e9e.<\/p>\n<p style=\"text-align: justify;\">Grand salon avec une cuisine \u00e9quip\u00e9e. T\u00e9l\u00e9vision satellite. Wifi. 2 grandes chambres \u00e9quip\u00e9es chacune 1 lit queen-size et 1 lit single, t\u00e9l\u00e9vision satellite.<\/p>\n<p>Une grande salle d\u2019eau avec deux vasques, douche \u00e0 l\u2019italienne. 1 WC. Une salle de bains.\u00a0 WC suppl\u00e9mentaires dans l\u2019entr\u00e9e. Climatisation r\u00e9versible.<\/p>\n<p style=\"text-align: justify;\">Une terrasse ouverte \u00e0 l\u2019est avec vue mer et montagne. Une autre terrasse, \u00e0 l\u2019ouest, ouverte sur le vieil Antibes et les montagnes.<\/p>\n<p>[\/vc_column_text][\/vc_column_inner][vc_column_inner width=\u00a0\u00bb1\/2&Prime;][vc_masonry_media_grid element_width=\u00a0\u00bb6&Prime; gap=\u00a0\u00bb0&Prime; item=\u00a0\u00bbmasonryMedia_SlideWithTitleAndCaption\u00a0\u00bb grid_id=\u00a0\u00bbvc_gid:1718099692866-cecef10f-c5cc-3&Prime; include=\u00a0\u00bb3469,3468,3467,3466,3261,3260,3258,3259,3203&Prime;][\/vc_column_inner][\/vc_row_inner][\/vc_column][\/vc_row]<\/p>\n","protected":false},"excerpt":{"rendered":"<p>[vc_row full_width=\u00a0\u00bbstretch_row_content_no_spaces\u00a0\u00bb full_height=\u00a0\u00bbyes\u00a0\u00bb font_color=\u00a0\u00bb#000000&Prime; css=\u00a0\u00bb.vc_custom_1685528108921{margin-bottom: 50px !important;background: #303030 url(https:\/\/brisedespins.com\/wp-content\/uploads\/2019\/05\/20.jpg?id=2964) !important;background-position: center !important;background-repeat: no-repeat !important;background-size: cover !important;}\u00a0\u00bb][vc_column][vc_column_text css=\u00a0\u00bb.vc_custom_1575902227711{margin-top: 60px !important;padding-top: 40px !important;padding-right: 6% !important;padding-left: 6% !important;}\u00a0\u00bb] Villa d&rsquo;exception au Cap d&rsquo;Antibes [\/vc_column_text][\/vc_column][\/vc_row][vc_row type=\u00a0\u00bbboxed\u00a0\u00bb css=\u00a0\u00bb.vc_custom_1685523238533{margin-right: 5px !important;margin-left: 5px !important;}\u00a0\u00bb][vc_column][vc_custom_heading text=\u00a0\u00bbLe r\u00eave au Cap d&rsquo;Antibes !\u00a0\u00bb font_container=\u00a0\u00bbtag:h2|font_size:32|text_align:left|color:%23009b81&Prime; use_theme_fonts=\u00a0\u00bbyes\u00a0\u00bb css=\u00a0\u00bb.vc_custom_1578767471466{margin-bottom: 25px !important;}\u00a0\u00bb][vc_column_text] R\u00e9servez un week-end ou des vacances de [&hellip;]<\/p>\n","protected":false},"author":3,"featured_media":0,"parent":0,"menu_order":0,"comment_status":"closed","ping_status":"closed","template":"page-boxed.php","meta":{"footnotes":""},"class_list":["post-2534","page","type-page","status-publish","hentry"],"_links":{"self":[{"href":"https:\/\/brisedespins.com\/index.php?rest_route=\/wp\/v2\/pages\/2534","targetHints":{"allow":["GET"]}}],"collection":[{"href":"https:\/\/brisedespins.com\/index.php?rest_route=\/wp\/v2\/pages"}],"about":[{"href":"https:\/\/brisedespins.com\/index.php?rest_route=\/wp\/v2\/types\/page"}],"author":[{"embeddable":true,"href":"https:\/\/brisedespins.com\/index.php?rest_route=\/wp\/v2\/users\/3"}],"replies":[{"embeddable":true,"href":"https:\/\/brisedespins.com\/index.php?rest_route=%2Fwp%2Fv2%2Fcomments&post=2534"}],"version-history":[{"count":462,"href":"https:\/\/brisedespins.com\/index.php?rest_route=\/wp\/v2\/pages\/2534\/revisions"}],"predecessor-version":[{"id":20254,"href":"https:\/\/brisedespins.com\/index.php?rest_route=\/wp\/v2\/pages\/2534\/revisions\/20254"}],"wp:attachment":[{"href":"https:\/\/brisedespins.com\/index.php?rest_route=%2Fwp%2Fv2%2Fmedia&parent=2534"}],"curies":[{"name":"wp","href":"https:\/\/api.w.org\/{rel}","templated":true}]}}